{"id":2153,"date":"2021-05-06T16:07:17","date_gmt":"2021-05-06T16:07:17","guid":{"rendered":"https:\/\/www.espacioleon.es\/cinema\/"},"modified":"2023-09-14T14:50:43","modified_gmt":"2023-09-14T14:50:43","slug":"cinema","status":"publish","type":"page","link":"https:\/\/www.espacioleon.es\/en\/cinema\/","title":{"rendered":"Cinema"},"content":{"rendered":"<div class=\"services-separator\" style=\"text-align: center;\">To know which movies are currently being screened and latest premieres, please visit the Espacio Le\u00f3n Ode\u00f3n Multicines webpage.<\/div>\n<p style=\"text-align: center;\"><a class=\"btncinema btn\" href=\"http:\/\/odeonmulticines.com\/leon\/\" target=\"_blank\" rel=\"noopener\"><img loading=\"lazy\" decoding=\"async\" class=\"alignnone size-medium wp-image-17741\" src=\"https:\/\/www.espacioleon.es\/wp-content\/uploads\/sites\/9\/2023\/08\/banner-cabecera-web-Cine-300x142.jpg\" alt=\"\" width=\"300\" height=\"142\" srcset=\"https:\/\/www.espacioleon.es\/wp-content\/uploads\/sites\/9\/2023\/08\/banner-cabecera-web-Cine-300x142.jpg 300w, https:\/\/www.espacioleon.es\/wp-content\/uploads\/sites\/9\/2023\/08\/banner-cabecera-web-Cine-1024x485.jpg 1024w, https:\/\/www.espacioleon.es\/wp-content\/uploads\/sites\/9\/2023\/08\/banner-cabecera-web-Cine-768x364.jpg 768w, https:\/\/www.espacioleon.es\/wp-content\/uploads\/sites\/9\/2023\/08\/banner-cabecera-web-Cine-1536x728.jpg 1536w, https:\/\/www.espacioleon.es\/wp-content\/uploads\/sites\/9\/2023\/08\/banner-cabecera-web-Cine.jpg 1920w\" sizes=\"auto, (max-width: 300px) 100vw, 300px\" \/><\/a><\/p>\n<p style=\"text-align: center;\"><a href=\"http:\/\/odeonmulticines.com\/leon\">VISIT THE CINEMAS PAGE<\/a><\/p>\n","protected":false},"excerpt":{"rendered":"<p>To know which movies are currently being screened and latest premieres, please visit the Espacio Le\u00f3n Ode\u00f3n Multicines webpage. VISIT THE CINEMAS PAGE<\/p>\n","protected":false},"author":1,"featured_media":17741,"parent":0,"menu_order":0,"comment_status":"closed","ping_status":"closed","template":"","meta":{"inline_featured_image":false,"footnotes":""},"class_list":["post-2153","page","type-page","status-publish","has-post-thumbnail","hentry"],"yoast_head":"<!-- This site is optimized with the Yoast SEO plugin v22.2 - https:\/\/yoast.com\/wordpress\/plugins\/seo\/ -->\n<title>Cinema - Espacio Le\u00f3n<\/title>\n<meta name=\"robots\" content=\"index, follow, max-snippet:-1, max-image-preview:large, max-video-preview:-1\" \/>\n<link rel=\"canonical\" href=\"https:\/\/www.espacioleon.es\/en\/cinema\/\" \/>\n<meta property=\"og:locale\" content=\"en_US\" \/>\n<meta property=\"og:type\" content=\"article\" \/>\n<meta property=\"og:title\" content=\"Cinema - Espacio Le\u00f3n\" \/>\n<meta property=\"og:description\" content=\"To know which movies are currently being screened and latest premieres, please visit the Espacio Le\u00f3n Ode\u00f3n Multicines webpage. VISIT THE CINEMAS PAGE\" \/>\n<meta property=\"og:url\" content=\"https:\/\/www.espacioleon.es\/en\/cinema\/\" \/>\n<meta property=\"og:site_name\" content=\"Espacio Le\u00f3n\" \/>\n<meta property=\"article:modified_time\" content=\"2023-09-14T14:50:43+00:00\" \/>\n<meta property=\"og:image\" content=\"https:\/\/www.espacioleon.es\/wp-content\/uploads\/sites\/9\/2023\/08\/banner-cabecera-web-Cine.jpg\" \/>\n\t<meta property=\"og:image:width\" content=\"1920\" \/>\n\t<meta property=\"og:image:height\" content=\"910\" \/>\n\t<meta property=\"og:image:type\" content=\"image\/jpeg\" \/>\n<meta name=\"twitter:card\" content=\"summary_large_image\" \/>\n<meta name=\"twitter:label1\" content=\"Est. reading time\" \/>\n\t<meta name=\"twitter:data1\" content=\"1 minute\" \/>\n<script type=\"application\/ld+json\" class=\"yoast-schema-graph\">{\"@context\":\"https:\/\/schema.org\",\"@graph\":[{\"@type\":\"WebPage\",\"@id\":\"https:\/\/www.espacioleon.es\/en\/cinema\/\",\"url\":\"https:\/\/www.espacioleon.es\/en\/cinema\/\",\"name\":\"Cinema - Espacio Le\u00f3n\",\"isPartOf\":{\"@id\":\"https:\/\/www.espacioleon.es\/#website\"},\"primaryImageOfPage\":{\"@id\":\"https:\/\/www.espacioleon.es\/en\/cinema\/#primaryimage\"},\"image\":{\"@id\":\"https:\/\/www.espacioleon.es\/en\/cinema\/#primaryimage\"},\"thumbnailUrl\":\"https:\/\/www.espacioleon.es\/wp-content\/uploads\/sites\/9\/2023\/08\/banner-cabecera-web-Cine.jpg\",\"datePublished\":\"2021-05-06T16:07:17+00:00\",\"dateModified\":\"2023-09-14T14:50:43+00:00\",\"inLanguage\":\"en-US\",\"potentialAction\":[{\"@type\":\"ReadAction\",\"target\":[\"https:\/\/www.espacioleon.es\/en\/cinema\/\"]}]},{\"@type\":\"ImageObject\",\"inLanguage\":\"en-US\",\"@id\":\"https:\/\/www.espacioleon.es\/en\/cinema\/#primaryimage\",\"url\":\"https:\/\/www.espacioleon.es\/wp-content\/uploads\/sites\/9\/2023\/08\/banner-cabecera-web-Cine.jpg\",\"contentUrl\":\"https:\/\/www.espacioleon.es\/wp-content\/uploads\/sites\/9\/2023\/08\/banner-cabecera-web-Cine.jpg\",\"width\":1920,\"height\":910},{\"@type\":\"WebSite\",\"@id\":\"https:\/\/www.espacioleon.es\/#website\",\"url\":\"https:\/\/www.espacioleon.es\/\",\"name\":\"Espacio Le\u00f3n\",\"description\":\"#Puesitivismo\",\"publisher\":{\"@id\":\"https:\/\/www.espacioleon.es\/#organization\"},\"potentialAction\":[{\"@type\":\"SearchAction\",\"target\":{\"@type\":\"EntryPoint\",\"urlTemplate\":\"https:\/\/www.espacioleon.es\/?s={search_term_string}\"},\"query-input\":\"required name=search_term_string\"}],\"inLanguage\":\"en-US\"},{\"@type\":\"Organization\",\"@id\":\"https:\/\/www.espacioleon.es\/#organization\",\"name\":\"Espacio Le\u00f3n\",\"url\":\"https:\/\/www.espacioleon.es\/\",\"logo\":{\"@type\":\"ImageObject\",\"inLanguage\":\"en-US\",\"@id\":\"https:\/\/www.espacioleon.es\/#\/schema\/logo\/image\/\",\"url\":\"https:\/\/www.espacioleon.es\/wp-content\/uploads\/sites\/9\/2023\/08\/EL-e1692266628408.jpg\",\"contentUrl\":\"https:\/\/www.espacioleon.es\/wp-content\/uploads\/sites\/9\/2023\/08\/EL-e1692266628408.jpg\",\"width\":100,\"height\":100,\"caption\":\"Espacio Le\u00f3n\"},\"image\":{\"@id\":\"https:\/\/www.espacioleon.es\/#\/schema\/logo\/image\/\"}}]}<\/script>\n<!-- \/ Yoast SEO plugin. -->","yoast_head_json":{"title":"Cinema - Espacio Le\u00f3n","robots":{"index":"index","follow":"follow","max-snippet":"max-snippet:-1","max-image-preview":"max-image-preview:large","max-video-preview":"max-video-preview:-1"},"canonical":"https:\/\/www.espacioleon.es\/en\/cinema\/","og_locale":"en_US","og_type":"article","og_title":"Cinema - Espacio Le\u00f3n","og_description":"To know which movies are currently being screened and latest premieres, please visit the Espacio Le\u00f3n Ode\u00f3n Multicines webpage. VISIT THE CINEMAS PAGE","og_url":"https:\/\/www.espacioleon.es\/en\/cinema\/","og_site_name":"Espacio Le\u00f3n","article_modified_time":"2023-09-14T14:50:43+00:00","og_image":[{"width":1920,"height":910,"url":"https:\/\/www.espacioleon.es\/wp-content\/uploads\/sites\/9\/2023\/08\/banner-cabecera-web-Cine.jpg","type":"image\/jpeg"}],"twitter_card":"summary_large_image","twitter_misc":{"Est. reading time":"1 minute"},"schema":{"@context":"https:\/\/schema.org","@graph":[{"@type":"WebPage","@id":"https:\/\/www.espacioleon.es\/en\/cinema\/","url":"https:\/\/www.espacioleon.es\/en\/cinema\/","name":"Cinema - Espacio Le\u00f3n","isPartOf":{"@id":"https:\/\/www.espacioleon.es\/#website"},"primaryImageOfPage":{"@id":"https:\/\/www.espacioleon.es\/en\/cinema\/#primaryimage"},"image":{"@id":"https:\/\/www.espacioleon.es\/en\/cinema\/#primaryimage"},"thumbnailUrl":"https:\/\/www.espacioleon.es\/wp-content\/uploads\/sites\/9\/2023\/08\/banner-cabecera-web-Cine.jpg","datePublished":"2021-05-06T16:07:17+00:00","dateModified":"2023-09-14T14:50:43+00:00","inLanguage":"en-US","potentialAction":[{"@type":"ReadAction","target":["https:\/\/www.espacioleon.es\/en\/cinema\/"]}]},{"@type":"ImageObject","inLanguage":"en-US","@id":"https:\/\/www.espacioleon.es\/en\/cinema\/#primaryimage","url":"https:\/\/www.espacioleon.es\/wp-content\/uploads\/sites\/9\/2023\/08\/banner-cabecera-web-Cine.jpg","contentUrl":"https:\/\/www.espacioleon.es\/wp-content\/uploads\/sites\/9\/2023\/08\/banner-cabecera-web-Cine.jpg","width":1920,"height":910},{"@type":"WebSite","@id":"https:\/\/www.espacioleon.es\/#website","url":"https:\/\/www.espacioleon.es\/","name":"Espacio Le\u00f3n","description":"#Puesitivismo","publisher":{"@id":"https:\/\/www.espacioleon.es\/#organization"},"potentialAction":[{"@type":"SearchAction","target":{"@type":"EntryPoint","urlTemplate":"https:\/\/www.espacioleon.es\/?s={search_term_string}"},"query-input":"required name=search_term_string"}],"inLanguage":"en-US"},{"@type":"Organization","@id":"https:\/\/www.espacioleon.es\/#organization","name":"Espacio Le\u00f3n","url":"https:\/\/www.espacioleon.es\/","logo":{"@type":"ImageObject","inLanguage":"en-US","@id":"https:\/\/www.espacioleon.es\/#\/schema\/logo\/image\/","url":"https:\/\/www.espacioleon.es\/wp-content\/uploads\/sites\/9\/2023\/08\/EL-e1692266628408.jpg","contentUrl":"https:\/\/www.espacioleon.es\/wp-content\/uploads\/sites\/9\/2023\/08\/EL-e1692266628408.jpg","width":100,"height":100,"caption":"Espacio Le\u00f3n"},"image":{"@id":"https:\/\/www.espacioleon.es\/#\/schema\/logo\/image\/"}}]}},"_links":{"self":[{"href":"https:\/\/www.espacioleon.es\/en\/wp-json\/wp\/v2\/pages\/2153","targetHints":{"allow":["GET"]}}],"collection":[{"href":"https:\/\/www.espacioleon.es\/en\/wp-json\/wp\/v2\/pages"}],"about":[{"href":"https:\/\/www.espacioleon.es\/en\/wp-json\/wp\/v2\/types\/page"}],"author":[{"embeddable":true,"href":"https:\/\/www.espacioleon.es\/en\/wp-json\/wp\/v2\/users\/1"}],"replies":[{"embeddable":true,"href":"https:\/\/www.espacioleon.es\/en\/wp-json\/wp\/v2\/comments?post=2153"}],"version-history":[{"count":12,"href":"https:\/\/www.espacioleon.es\/en\/wp-json\/wp\/v2\/pages\/2153\/revisions"}],"predecessor-version":[{"id":17967,"href":"https:\/\/www.espacioleon.es\/en\/wp-json\/wp\/v2\/pages\/2153\/revisions\/17967"}],"wp:featuredmedia":[{"embeddable":true,"href":"https:\/\/www.espacioleon.es\/en\/wp-json\/wp\/v2\/media\/17741"}],"wp:attachment":[{"href":"https:\/\/www.espacioleon.es\/en\/wp-json\/wp\/v2\/media?parent=2153"}],"curies":[{"name":"wp","href":"https:\/\/api.w.org\/{rel}","templated":true}]}}